{"id":58060,"date":"2023-10-31T20:25:38","date_gmt":"2023-10-31T19:25:38","guid":{"rendered":"https:\/\/kd-ueberdachung.de\/current-actions\/"},"modified":"2025-05-12T22:46:23","modified_gmt":"2025-05-12T20:46:23","slug":"current-actions","status":"publish","type":"page","link":"https:\/\/kd-ueberdachung.de\/en\/current-actions\/","title":{"rendered":"Current actions"},"content":{"rendered":"\t\t<div data-elementor-type=\"wp-page\" data-elementor-id=\"58060\" class=\"elementor elementor-58060 elementor-18018\" data-elementor-post-type=\"page\">\n\t\t\t\t<div class=\"elementor-element elementor-element-08482dd e-flex e-con-boxed e-con e-parent\" data-id=\"08482dd\" data-element_type=\"container\" data-settings=\"{&quot;jet_parallax_layout_list&quot;:[]}\">\n\t\t\t\t\t<div class=\"e-con-inner\">\n\t\t\t\t<div class=\"elementor-element elementor-element-508a55a elementor-grid-3 elementor-grid-tablet-2 elementor-grid-mobile-1 elementor-posts--thumbnail-top elementor-widget elementor-widget-posts\" data-id=\"508a55a\" data-element_type=\"widget\" data-settings=\"{&quot;classic_masonry&quot;:&quot;yes&quot;,&quot;classic_columns&quot;:&quot;3&quot;,&quot;classic_columns_tablet&quot;:&quot;2&quot;,&quot;classic_columns_mobile&quot;:&quot;1&quot;,&quot;classic_row_gap&quot;:{&quot;unit&quot;:&quot;px&quot;,&quot;size&quot;:35,&quot;sizes&quot;:[]},&quot;classic_row_gap_tablet&quot;:{&quot;unit&quot;:&quot;px&quot;,&quot;size&quot;:&quot;&quot;,&quot;sizes&quot;:[]},&quot;classic_row_gap_mobile&quot;:{&quot;unit&quot;:&quot;px&quot;,&quot;size&quot;:&quot;&quot;,&quot;sizes&quot;:[]}}\" data-widget_type=\"posts.classic\">\n\t\t\t\t<div class=\"elementor-widget-container\">\n\t\t\t<link rel=\"stylesheet\" href=\"https:\/\/kd-ueberdachung.de\/wp-content\/plugins\/elementor-pro\/assets\/css\/widget-posts.min.css?ver=1748864274\">\t\t<div class=\"elementor-posts-container elementor-posts elementor-posts--skin-classic elementor-grid\">\n\t\t\t\t<article class=\"elementor-post elementor-grid-item post-96213 aktuelle-aktion type-aktuelle-aktion status-publish has-post-thumbnail hentry aktuelle-aktion-kategorie-slider\">\n\t\t\t\t<a class=\"elementor-post__thumbnail__link\" href=\"https:\/\/kd-ueberdachung.de\/en\/current-action\/april-aktion-2026\/\" tabindex=\"-1\" >\n\t\t\t<div class=\"elementor-post__thumbnail\"><img fetchpriority=\"high\" decoding=\"async\" width=\"1920\" height=\"500\" src=\"https:\/\/kd-ueberdachung.de\/wp-content\/uploads\/2026\/02\/Aktionsseiten-Slider_April.jpg\" class=\"attachment-full size-full wp-image-93448\" alt=\"20% Jubil\u00e4ums-Rabatt auf ALLES im April 2026 sichern! Jetzt Terrassen\u00fcberdachung, Carport oder Sichtschutz planen und Jubil\u00e4umsvorteil nutzen.\" srcset=\"https:\/\/kd-ueberdachung.de\/wp-content\/uploads\/2026\/02\/Aktionsseiten-Slider_April.jpg 1920w, https:\/\/kd-ueberdachung.de\/wp-content\/uploads\/2026\/02\/Aktionsseiten-Slider_April-1024x267.jpg 1024w, https:\/\/kd-ueberdachung.de\/wp-content\/uploads\/2026\/02\/Aktionsseiten-Slider_April-768x200.jpg 768w, https:\/\/kd-ueberdachung.de\/wp-content\/uploads\/2026\/02\/Aktionsseiten-Slider_April-1536x400.jpg 1536w\" sizes=\"(max-width: 1920px) 100vw, 1920px\" \/><\/div>\n\t\t<\/a>\n\t\t\t\t<div class=\"elementor-post__text\">\n\t\t\t\t<h3 class=\"elementor-post__title\">\n\t\t\t<a href=\"https:\/\/kd-ueberdachung.de\/en\/current-action\/april-aktion-2026\/\" >\n\t\t\t\tApril promotion\t\t\t<\/a>\n\t\t<\/h3>\n\t\t\t\t<div class=\"elementor-post__meta-data\">\n\t\t\t\t\t<span class=\"elementor-post-date\">\n\t\t\t01.04.2026\t\t<\/span>\n\t\t\t\t<span class=\"elementor-post-avatar\">\n\t\t\tNo Comments\t\t<\/span>\n\t\t\t\t<\/div>\n\t\t\t\t<div class=\"elementor-post__excerpt\">\n\t\t\t<p>20% anniversary discount on EVERYTHING* \u2013 only in April 2026 We are celebrating our anniversary \u2013 and you benefit!Take advantage of our 20% anniversary discount<\/p>\n\t\t<\/div>\n\t\t\n\t\t<a class=\"elementor-post__read-more\" href=\"https:\/\/kd-ueberdachung.de\/en\/current-action\/april-aktion-2026\/\" aria-label=\"Read more about April promotion\" tabindex=\"-1\" >\n\t\t\tRead more \"\t\t<\/a>\n\n\t\t\t\t<\/div>\n\t\t\t\t<\/article>\n\t\t\t\t<article class=\"elementor-post elementor-grid-item post-59361 aktuelle-aktion type-aktuelle-aktion status-publish has-post-thumbnail hentry aktuelle-aktion-kategorie-slider-en\">\n\t\t\t\t<a class=\"elementor-post__thumbnail__link\" href=\"https:\/\/kd-ueberdachung.de\/en\/current-action\/kd-summer-sale-august\/\" tabindex=\"-1\" >\n\t\t\t<div class=\"elementor-post__thumbnail\"><img decoding=\"async\" width=\"1920\" height=\"500\" src=\"https:\/\/kd-ueberdachung.de\/wp-content\/uploads\/2024\/08\/Aktionsseiten-Slider_August-1.png\" class=\"attachment-full size-full wp-image-59604\" alt=\"Im August erhalten Sie 10% Rabatt auf alle \u00dcberdachungen + ein LED-Set gratis! Werten Sie jetzt Ihren Au\u00dfenbereich auf mit KD \u00dcberdachung!\" srcset=\"https:\/\/kd-ueberdachung.de\/wp-content\/uploads\/2024\/08\/Aktionsseiten-Slider_August-1.png 1920w, https:\/\/kd-ueberdachung.de\/wp-content\/uploads\/2024\/08\/Aktionsseiten-Slider_August-1-1024x267.png 1024w, https:\/\/kd-ueberdachung.de\/wp-content\/uploads\/2024\/08\/Aktionsseiten-Slider_August-1-768x200.png 768w, https:\/\/kd-ueberdachung.de\/wp-content\/uploads\/2024\/08\/Aktionsseiten-Slider_August-1-1536x400.png 1536w\" sizes=\"(max-width: 1920px) 100vw, 1920px\" \/><\/div>\n\t\t<\/a>\n\t\t\t\t<div class=\"elementor-post__text\">\n\t\t\t\t<h3 class=\"elementor-post__title\">\n\t\t\t<a href=\"https:\/\/kd-ueberdachung.de\/en\/current-action\/kd-summer-sale-august\/\" >\n\t\t\t\tKD Summer Sale August\t\t\t<\/a>\n\t\t<\/h3>\n\t\t\t\t<div class=\"elementor-post__meta-data\">\n\t\t\t\t\t<span class=\"elementor-post-date\">\n\t\t\t12.08.2024\t\t<\/span>\n\t\t\t\t<span class=\"elementor-post-avatar\">\n\t\t\tNo Comments\t\t<\/span>\n\t\t\t\t<\/div>\n\t\t\t\t<div class=\"elementor-post__excerpt\">\n\t\t\t<p>KD Summer Sale Get a 10% discount on canopies + 1 LED set for FREE! Summer is here and we at KD Roofing have prepared<\/p>\n\t\t<\/div>\n\t\t\n\t\t<a class=\"elementor-post__read-more\" href=\"https:\/\/kd-ueberdachung.de\/en\/current-action\/kd-summer-sale-august\/\" aria-label=\"Read more about KD Summer Sale August\" tabindex=\"-1\" >\n\t\t\tRead more \"\t\t<\/a>\n\n\t\t\t\t<\/div>\n\t\t\t\t<\/article>\n\t\t\t\t<article class=\"elementor-post elementor-grid-item post-58881 aktuelle-aktion type-aktuelle-aktion status-publish has-post-thumbnail hentry aktuelle-aktion-kategorie-slider\">\n\t\t\t\t<a class=\"elementor-post__thumbnail__link\" href=\"https:\/\/kd-ueberdachung.de\/en\/current-action\/configurator\/\" tabindex=\"-1\" >\n\t\t\t<div class=\"elementor-post__thumbnail\"><img decoding=\"async\" width=\"1920\" height=\"500\" src=\"https:\/\/kd-ueberdachung.de\/wp-content\/uploads\/2024\/07\/Aktionsseiten-SliderKonfigurator-1.jpg\" class=\"attachment-full size-full wp-image-59620\" alt=\"Konfigurieren Sie jetzt Ihre Traum\u00fcberdachung mit dem 3D Konfigurator von KD \u00dcberdachung! Erleben Sie Ihre Traum\u00fcberdachung mit AR und VR!\" srcset=\"https:\/\/kd-ueberdachung.de\/wp-content\/uploads\/2024\/07\/Aktionsseiten-SliderKonfigurator-1.jpg 1920w, https:\/\/kd-ueberdachung.de\/wp-content\/uploads\/2024\/07\/Aktionsseiten-SliderKonfigurator-1-1024x267.jpg 1024w, https:\/\/kd-ueberdachung.de\/wp-content\/uploads\/2024\/07\/Aktionsseiten-SliderKonfigurator-1-768x200.jpg 768w, https:\/\/kd-ueberdachung.de\/wp-content\/uploads\/2024\/07\/Aktionsseiten-SliderKonfigurator-1-1536x400.jpg 1536w\" sizes=\"(max-width: 1920px) 100vw, 1920px\" \/><\/div>\n\t\t<\/a>\n\t\t\t\t<div class=\"elementor-post__text\">\n\t\t\t\t<h3 class=\"elementor-post__title\">\n\t\t\t<a href=\"https:\/\/kd-ueberdachung.de\/en\/current-action\/configurator\/\" >\n\t\t\t\tConfigurator\t\t\t<\/a>\n\t\t<\/h3>\n\t\t\t\t<div class=\"elementor-post__meta-data\">\n\t\t\t\t\t<span class=\"elementor-post-date\">\n\t\t\t17.07.2024\t\t<\/span>\n\t\t\t\t<span class=\"elementor-post-avatar\">\n\t\t\tNo Comments\t\t<\/span>\n\t\t\t\t<\/div>\n\t\t\t\t<div class=\"elementor-post__excerpt\">\n\t\t\t\t\t<\/div>\n\t\t\n\t\t<a class=\"elementor-post__read-more\" href=\"https:\/\/kd-ueberdachung.de\/en\/current-action\/configurator\/\" aria-label=\"Read more about Configurator\" tabindex=\"-1\" >\n\t\t\tRead more \"\t\t<\/a>\n\n\t\t\t\t<\/div>\n\t\t\t\t<\/article>\n\t\t\t\t<article class=\"elementor-post elementor-grid-item post-44772 aktuelle-aktion type-aktuelle-aktion status-publish has-post-thumbnail hentry\">\n\t\t\t\t<a class=\"elementor-post__thumbnail__link\" href=\"https:\/\/kd-ueberdachung.de\/en\/current-action\/new-kd-solar\/\" tabindex=\"-1\" >\n\t\t\t<div class=\"elementor-post__thumbnail\"><img loading=\"lazy\" decoding=\"async\" width=\"1600\" height=\"800\" src=\"https:\/\/kd-ueberdachung.de\/wp-content\/uploads\/2024\/08\/KDSolar-Slider-1600x800-1-1.jpg\" class=\"attachment-full size-full wp-image-44773\" alt=\"\" srcset=\"https:\/\/kd-ueberdachung.de\/wp-content\/uploads\/2024\/08\/KDSolar-Slider-1600x800-1-1.jpg 1600w, https:\/\/kd-ueberdachung.de\/wp-content\/uploads\/2024\/08\/KDSolar-Slider-1600x800-1-1-1024x512.jpg 1024w, https:\/\/kd-ueberdachung.de\/wp-content\/uploads\/2024\/08\/KDSolar-Slider-1600x800-1-1-768x384.jpg 768w, https:\/\/kd-ueberdachung.de\/wp-content\/uploads\/2024\/08\/KDSolar-Slider-1600x800-1-1-1536x768.jpg 1536w\" sizes=\"(max-width: 1600px) 100vw, 1600px\" \/><\/div>\n\t\t<\/a>\n\t\t\t\t<div class=\"elementor-post__text\">\n\t\t\t\t<h3 class=\"elementor-post__title\">\n\t\t\t<a href=\"https:\/\/kd-ueberdachung.de\/en\/current-action\/new-kd-solar\/\" >\n\t\t\t\tNEW: KD Solar\t\t\t<\/a>\n\t\t<\/h3>\n\t\t\t\t<div class=\"elementor-post__meta-data\">\n\t\t\t\t\t<span class=\"elementor-post-date\">\n\t\t\t08.05.2024\t\t<\/span>\n\t\t\t\t<span class=\"elementor-post-avatar\">\n\t\t\tNo Comments\t\t<\/span>\n\t\t\t\t<\/div>\n\t\t\t\t<div class=\"elementor-post__excerpt\">\n\t\t\t\t\t<\/div>\n\t\t\n\t\t<a class=\"elementor-post__read-more\" href=\"https:\/\/kd-ueberdachung.de\/en\/current-action\/new-kd-solar\/\" aria-label=\"Read more about NEW: KD Solar\" tabindex=\"-1\" >\n\t\t\tRead more \"\t\t<\/a>\n\n\t\t\t\t<\/div>\n\t\t\t\t<\/article>\n\t\t\t\t<article class=\"elementor-post elementor-grid-item post-58878 aktuelle-aktion type-aktuelle-aktion status-publish has-post-thumbnail hentry aktuelle-aktion-kategorie-slider\">\n\t\t\t\t<a class=\"elementor-post__thumbnail__link\" href=\"https:\/\/kd-ueberdachung.de\/en\/current-action\/new-kd-solar-2\/\" tabindex=\"-1\" >\n\t\t\t<div class=\"elementor-post__thumbnail\"><img loading=\"lazy\" decoding=\"async\" width=\"1920\" height=\"940\" src=\"https:\/\/kd-ueberdachung.de\/wp-content\/uploads\/2024\/08\/Solar-Webbanner-1920x940-1.jpg\" class=\"attachment-full size-full wp-image-43053\" alt=\"\" srcset=\"https:\/\/kd-ueberdachung.de\/wp-content\/uploads\/2024\/08\/Solar-Webbanner-1920x940-1.jpg 1920w, https:\/\/kd-ueberdachung.de\/wp-content\/uploads\/2024\/08\/Solar-Webbanner-1920x940-1-1024x501.jpg 1024w, https:\/\/kd-ueberdachung.de\/wp-content\/uploads\/2024\/08\/Solar-Webbanner-1920x940-1-768x376.jpg 768w, https:\/\/kd-ueberdachung.de\/wp-content\/uploads\/2024\/08\/Solar-Webbanner-1920x940-1-1536x752.jpg 1536w\" sizes=\"(max-width: 1920px) 100vw, 1920px\" \/><\/div>\n\t\t<\/a>\n\t\t\t\t<div class=\"elementor-post__text\">\n\t\t\t\t<h3 class=\"elementor-post__title\">\n\t\t\t<a href=\"https:\/\/kd-ueberdachung.de\/en\/current-action\/new-kd-solar-2\/\" >\n\t\t\t\tKD Solar\t\t\t<\/a>\n\t\t<\/h3>\n\t\t\t\t<div class=\"elementor-post__meta-data\">\n\t\t\t\t\t<span class=\"elementor-post-date\">\n\t\t\t05.03.2024\t\t<\/span>\n\t\t\t\t<span class=\"elementor-post-avatar\">\n\t\t\tNo Comments\t\t<\/span>\n\t\t\t\t<\/div>\n\t\t\t\t<div class=\"elementor-post__excerpt\">\n\t\t\t\t\t<\/div>\n\t\t\n\t\t<a class=\"elementor-post__read-more\" href=\"https:\/\/kd-ueberdachung.de\/en\/current-action\/new-kd-solar-2\/\" aria-label=\"Read more about KD Solar\" tabindex=\"-1\" >\n\t\t\tRead more \"\t\t<\/a>\n\n\t\t\t\t<\/div>\n\t\t\t\t<\/article>\n\t\t\t\t<article class=\"elementor-post elementor-grid-item post-35430 aktuelle-aktion type-aktuelle-aktion status-publish has-post-thumbnail hentry\">\n\t\t\t\t<a class=\"elementor-post__thumbnail__link\" href=\"https:\/\/kd-ueberdachung.de\/en\/current-action\/0-financing\/\" tabindex=\"-1\" >\n\t\t\t<div class=\"elementor-post__thumbnail\"><img loading=\"lazy\" decoding=\"async\" width=\"1920\" height=\"500\" src=\"https:\/\/kd-ueberdachung.de\/wp-content\/uploads\/2023\/12\/241218_Aktionsseiten-Slider_Finanzierung_LH.jpg\" class=\"attachment-full size-full wp-image-68963\" alt=\"\" srcset=\"https:\/\/kd-ueberdachung.de\/wp-content\/uploads\/2023\/12\/241218_Aktionsseiten-Slider_Finanzierung_LH.jpg 1920w, https:\/\/kd-ueberdachung.de\/wp-content\/uploads\/2023\/12\/241218_Aktionsseiten-Slider_Finanzierung_LH-1024x267.jpg 1024w, https:\/\/kd-ueberdachung.de\/wp-content\/uploads\/2023\/12\/241218_Aktionsseiten-Slider_Finanzierung_LH-768x200.jpg 768w, https:\/\/kd-ueberdachung.de\/wp-content\/uploads\/2023\/12\/241218_Aktionsseiten-Slider_Finanzierung_LH-1536x400.jpg 1536w\" sizes=\"(max-width: 1920px) 100vw, 1920px\" \/><\/div>\n\t\t<\/a>\n\t\t\t\t<div class=\"elementor-post__text\">\n\t\t\t\t<h3 class=\"elementor-post__title\">\n\t\t\t<a href=\"https:\/\/kd-ueberdachung.de\/en\/current-action\/0-financing\/\" >\n\t\t\t\tFINANCING\t\t\t<\/a>\n\t\t<\/h3>\n\t\t\t\t<div class=\"elementor-post__meta-data\">\n\t\t\t\t\t<span class=\"elementor-post-date\">\n\t\t\t13.12.2023\t\t<\/span>\n\t\t\t\t<span class=\"elementor-post-avatar\">\n\t\t\tNo Comments\t\t<\/span>\n\t\t\t\t<\/div>\n\t\t\t\t<div class=\"elementor-post__excerpt\">\n\t\t\t<p>FINANCING Realize your dreams now with our flexible financing and a term of up to 12 months. Make your wishes come true and pay conveniently<\/p>\n\t\t<\/div>\n\t\t\n\t\t<a class=\"elementor-post__read-more\" href=\"https:\/\/kd-ueberdachung.de\/en\/current-action\/0-financing\/\" aria-label=\"Read more about FINANCING\" tabindex=\"-1\" >\n\t\t\tRead more \"\t\t<\/a>\n\n\t\t\t\t<\/div>\n\t\t\t\t<\/article>\n\t\t\t\t<\/div>\n\t\t\n\t\t\t\t<\/div>\n\t\t\t\t<\/div>\n\t\t\t\t\t<\/div>\n\t\t\t\t<\/div>\n\t\t\t\t<\/div>\n\t\t","protected":false},"excerpt":{"rendered":"","protected":false},"author":13,"featured_media":0,"parent":0,"menu_order":0,"comment_status":"closed","ping_status":"closed","template":"","meta":{"_acf_changed":false,"site-sidebar-layout":"no-sidebar","site-content-layout":"","ast-site-content-layout":"full-width-container","site-content-style":"default","site-sidebar-style":"default","ast-global-header-display":"","ast-banner-title-visibility":"","ast-main-header-display":"","ast-hfb-above-header-display":"","ast-hfb-below-header-display":"","ast-hfb-mobile-header-display":"","site-post-title":"disabled","ast-breadcrumbs-content":"","ast-featured-img":"disabled","footer-sml-layout":"","theme-transparent-header-meta":"","adv-header-id-meta":"","stick-header-meta":"","header-above-stick-meta":"","header-main-stick-meta":"","header-below-stick-meta":"","astra-migrate-meta-layouts":"default","ast-page-background-enabled":"default","ast-page-background-meta":{"desktop":{"background-color":"var(--ast-global-color-4)","background-image":"","background-repeat":"repeat","background-position":"center center","background-size":"auto","background-attachment":"scroll","background-type":"","background-media":"","overlay-type":"","overlay-color":"","overlay-gradient":""},"tablet":{"background-color":"","background-image":"","background-repeat":"repeat","background-position":"center center","background-size":"auto","background-attachment":"scroll","background-type":"","background-media":"","overlay-type":"","overlay-color":"","overlay-gradient":""},"mobile":{"background-color":"","background-image":"","background-repeat":"repeat","background-position":"center center","background-size":"auto","background-attachment":"scroll","background-type":"","background-media":"","overlay-type":"","overlay-color":"","overlay-gradient":""}},"ast-content-background-meta":{"desktop":{"background-color":"var(--ast-global-color-5)","background-image":"","background-repeat":"repeat","background-position":"center center","background-size":"auto","background-attachment":"scroll","background-type":"","background-media":"","overlay-type":"","overlay-color":"","overlay-gradient":""},"tablet":{"background-color":"var(--ast-global-color-5)","background-image":"","background-repeat":"repeat","background-position":"center center","background-size":"auto","background-attachment":"scroll","background-type":"","background-media":"","overlay-type":"","overlay-color":"","overlay-gradient":""},"mobile":{"background-color":"var(--ast-global-color-5)","background-image":"","background-repeat":"repeat","background-position":"center center","background-size":"auto","background-attachment":"scroll","background-type":"","background-media":"","overlay-type":"","overlay-color":"","overlay-gradient":""}},"footnotes":""},"class_list":["post-58060","page","type-page","status-publish","hentry"],"acf":[],"yoast_head":"<!-- This site is optimized with the Yoast SEO plugin v21.9.1 - https:\/\/yoast.com\/wordpress\/plugins\/seo\/ -->\n<title>Current actions - KD \u00dcberdachung GmbH<\/title>\n<meta name=\"description\" content=\"Terrassen\u00fcberdachungen. Carports. Markisen. Vord\u00e4cher. Balkon\u00fcberdachungen. Kalt-Wintergarten \u2013 Sicherheit &amp; Qualit\u00e4t: Exakt auf Sie zugeschnitten!\" \/>\n<meta name=\"robots\" content=\"index, follow, max-snippet:-1, max-image-preview:large, max-video-preview:-1\" \/>\n<link rel=\"canonical\" href=\"https:\/\/kd-ueberdachung.de\/en\/current-actions\/\" \/>\n<meta property=\"og:locale\" content=\"en_US\" \/>\n<meta property=\"og:type\" content=\"article\" \/>\n<meta property=\"og:title\" content=\"Current actions - KD \u00dcberdachung GmbH\" \/>\n<meta property=\"og:description\" content=\"Terrassen\u00fcberdachungen. Carports. Markisen. Vord\u00e4cher. Balkon\u00fcberdachungen. Kalt-Wintergarten \u2013 Sicherheit &amp; Qualit\u00e4t: Exakt auf Sie zugeschnitten!\" \/>\n<meta property=\"og:url\" content=\"https:\/\/kd-ueberdachung.de\/en\/current-actions\/\" \/>\n<meta property=\"og:site_name\" content=\"KD \u00dcberdachung GmbH\" \/>\n<meta property=\"article:modified_time\" content=\"2025-05-12T20:46:23+00:00\" \/>\n<meta name=\"twitter:card\" content=\"summary_large_image\" \/>\n<script type=\"application\/ld+json\" class=\"yoast-schema-graph\">{\"@context\":\"https:\/\/schema.org\",\"@graph\":[{\"@type\":\"WebPage\",\"@id\":\"https:\/\/kd-ueberdachung.de\/en\/current-actions\/\",\"url\":\"https:\/\/kd-ueberdachung.de\/en\/current-actions\/\",\"name\":\"Current actions - KD \u00dcberdachung GmbH\",\"isPartOf\":{\"@id\":\"https:\/\/kd-ueberdachung.de\/en\/#website\"},\"datePublished\":\"2023-10-31T19:25:38+00:00\",\"dateModified\":\"2025-05-12T20:46:23+00:00\",\"description\":\"Terrassen\u00fcberdachungen. Carports. Markisen. Vord\u00e4cher. Balkon\u00fcberdachungen. Kalt-Wintergarten \u2013 Sicherheit & Qualit\u00e4t: Exakt auf Sie zugeschnitten!\",\"breadcrumb\":{\"@id\":\"https:\/\/kd-ueberdachung.de\/en\/current-actions\/#breadcrumb\"},\"inLanguage\":\"en-US\",\"potentialAction\":[{\"@type\":\"ReadAction\",\"target\":[\"https:\/\/kd-ueberdachung.de\/en\/current-actions\/\"]}]},{\"@type\":\"BreadcrumbList\",\"@id\":\"https:\/\/kd-ueberdachung.de\/en\/current-actions\/#breadcrumb\",\"itemListElement\":[{\"@type\":\"ListItem\",\"position\":1,\"name\":\"Startseite\",\"item\":\"https:\/\/kd-ueberdachung.de\/en\/\"},{\"@type\":\"ListItem\",\"position\":2,\"name\":\"Current actions\"}]},{\"@type\":\"WebSite\",\"@id\":\"https:\/\/kd-ueberdachung.de\/en\/#website\",\"url\":\"https:\/\/kd-ueberdachung.de\/en\/\",\"name\":\"KD \u00dcberdachung GmbH\",\"description\":\"Ein Dach f\u00fcr Ihr Zuhause \u2013 Wir fertigen \u00dcberdachungen, Beschattungen, Carports und Markisen\",\"publisher\":{\"@id\":\"https:\/\/kd-ueberdachung.de\/en\/#organization\"},\"potentialAction\":[{\"@type\":\"SearchAction\",\"target\":{\"@type\":\"EntryPoint\",\"urlTemplate\":\"https:\/\/kd-ueberdachung.de\/en\/?s={search_term_string}\"},\"query-input\":\"required name=search_term_string\"}],\"inLanguage\":\"en-US\"},{\"@type\":\"Organization\",\"@id\":\"https:\/\/kd-ueberdachung.de\/en\/#organization\",\"name\":\"KD \u00dcberdachung GmbH\",\"url\":\"https:\/\/kd-ueberdachung.de\/en\/\",\"logo\":{\"@type\":\"ImageObject\",\"inLanguage\":\"en-US\",\"@id\":\"https:\/\/kd-ueberdachung.de\/en\/#\/schema\/logo\/image\/\",\"url\":\"https:\/\/kd-ueberdachung.de\/wp-content\/uploads\/_media\/_allgemein\/logo-footer.png\",\"contentUrl\":\"https:\/\/kd-ueberdachung.de\/wp-content\/uploads\/_media\/_allgemein\/logo-footer.png\",\"width\":300,\"height\":220,\"caption\":\"KD \u00dcberdachung GmbH\"},\"image\":{\"@id\":\"https:\/\/kd-ueberdachung.de\/en\/#\/schema\/logo\/image\/\"}}]}<\/script>\n<!-- \/ Yoast SEO plugin. -->","yoast_head_json":{"title":"Current actions - KD \u00dcberdachung GmbH","description":"Terrassen\u00fcberdachungen. Carports. Markisen. Vord\u00e4cher. Balkon\u00fcberdachungen. Kalt-Wintergarten \u2013 Sicherheit & Qualit\u00e4t: Exakt auf Sie zugeschnitten!","robots":{"index":"index","follow":"follow","max-snippet":"max-snippet:-1","max-image-preview":"max-image-preview:large","max-video-preview":"max-video-preview:-1"},"canonical":"https:\/\/kd-ueberdachung.de\/en\/current-actions\/","og_locale":"en_US","og_type":"article","og_title":"Current actions - KD \u00dcberdachung GmbH","og_description":"Terrassen\u00fcberdachungen. Carports. Markisen. Vord\u00e4cher. Balkon\u00fcberdachungen. Kalt-Wintergarten \u2013 Sicherheit & Qualit\u00e4t: Exakt auf Sie zugeschnitten!","og_url":"https:\/\/kd-ueberdachung.de\/en\/current-actions\/","og_site_name":"KD \u00dcberdachung GmbH","article_modified_time":"2025-05-12T20:46:23+00:00","twitter_card":"summary_large_image","schema":{"@context":"https:\/\/schema.org","@graph":[{"@type":"WebPage","@id":"https:\/\/kd-ueberdachung.de\/en\/current-actions\/","url":"https:\/\/kd-ueberdachung.de\/en\/current-actions\/","name":"Current actions - KD \u00dcberdachung GmbH","isPartOf":{"@id":"https:\/\/kd-ueberdachung.de\/en\/#website"},"datePublished":"2023-10-31T19:25:38+00:00","dateModified":"2025-05-12T20:46:23+00:00","description":"Terrassen\u00fcberdachungen. Carports. Markisen. Vord\u00e4cher. Balkon\u00fcberdachungen. Kalt-Wintergarten \u2013 Sicherheit & Qualit\u00e4t: Exakt auf Sie zugeschnitten!","breadcrumb":{"@id":"https:\/\/kd-ueberdachung.de\/en\/current-actions\/#breadcrumb"},"inLanguage":"en-US","potentialAction":[{"@type":"ReadAction","target":["https:\/\/kd-ueberdachung.de\/en\/current-actions\/"]}]},{"@type":"BreadcrumbList","@id":"https:\/\/kd-ueberdachung.de\/en\/current-actions\/#breadcrumb","itemListElement":[{"@type":"ListItem","position":1,"name":"Startseite","item":"https:\/\/kd-ueberdachung.de\/en\/"},{"@type":"ListItem","position":2,"name":"Current actions"}]},{"@type":"WebSite","@id":"https:\/\/kd-ueberdachung.de\/en\/#website","url":"https:\/\/kd-ueberdachung.de\/en\/","name":"KD \u00dcberdachung GmbH","description":"Ein Dach f\u00fcr Ihr Zuhause \u2013 Wir fertigen \u00dcberdachungen, Beschattungen, Carports und Markisen","publisher":{"@id":"https:\/\/kd-ueberdachung.de\/en\/#organization"},"potentialAction":[{"@type":"SearchAction","target":{"@type":"EntryPoint","urlTemplate":"https:\/\/kd-ueberdachung.de\/en\/?s={search_term_string}"},"query-input":"required name=search_term_string"}],"inLanguage":"en-US"},{"@type":"Organization","@id":"https:\/\/kd-ueberdachung.de\/en\/#organization","name":"KD \u00dcberdachung GmbH","url":"https:\/\/kd-ueberdachung.de\/en\/","logo":{"@type":"ImageObject","inLanguage":"en-US","@id":"https:\/\/kd-ueberdachung.de\/en\/#\/schema\/logo\/image\/","url":"https:\/\/kd-ueberdachung.de\/wp-content\/uploads\/_media\/_allgemein\/logo-footer.png","contentUrl":"https:\/\/kd-ueberdachung.de\/wp-content\/uploads\/_media\/_allgemein\/logo-footer.png","width":300,"height":220,"caption":"KD \u00dcberdachung GmbH"},"image":{"@id":"https:\/\/kd-ueberdachung.de\/en\/#\/schema\/logo\/image\/"}}]}},"publishpress_future_workflow_manual_trigger":{"enabledWorkflows":[]},"_links":{"self":[{"href":"https:\/\/kd-ueberdachung.de\/en\/wp-json\/wp\/v2\/pages\/58060","targetHints":{"allow":["GET"]}}],"collection":[{"href":"https:\/\/kd-ueberdachung.de\/en\/wp-json\/wp\/v2\/pages"}],"about":[{"href":"https:\/\/kd-ueberdachung.de\/en\/wp-json\/wp\/v2\/types\/page"}],"author":[{"embeddable":true,"href":"https:\/\/kd-ueberdachung.de\/en\/wp-json\/wp\/v2\/users\/13"}],"replies":[{"embeddable":true,"href":"https:\/\/kd-ueberdachung.de\/en\/wp-json\/wp\/v2\/comments?post=58060"}],"version-history":[{"count":1,"href":"https:\/\/kd-ueberdachung.de\/en\/wp-json\/wp\/v2\/pages\/58060\/revisions"}],"predecessor-version":[{"id":73889,"href":"https:\/\/kd-ueberdachung.de\/en\/wp-json\/wp\/v2\/pages\/58060\/revisions\/73889"}],"wp:attachment":[{"href":"https:\/\/kd-ueberdachung.de\/en\/wp-json\/wp\/v2\/media?parent=58060"}],"curies":[{"name":"wp","href":"https:\/\/api.w.org\/{rel}","templated":true}]}}