{"id":58475,"date":"2023-10-25T14:14:23","date_gmt":"2023-10-25T12:14:23","guid":{"rendered":"https:\/\/kd-ueberdachung.de\/conditions-of-purchase\/"},"modified":"2024-08-11T14:47:29","modified_gmt":"2024-08-11T12:47:29","slug":"conditions-of-purchase","status":"publish","type":"page","link":"https:\/\/kd-ueberdachung.de\/en\/conditions-of-purchase\/","title":{"rendered":"Conditions of purchase"},"content":{"rendered":"\t\t<div data-elementor-type=\"wp-page\" data-elementor-id=\"58475\" class=\"elementor elementor-58475 elementor-17481\" data-elementor-post-type=\"page\">\n\t\t\t\t<div class=\"elementor-element elementor-element-e924e09 e-flex e-con-boxed e-con e-parent\" data-id=\"e924e09\" data-element_type=\"container\" data-settings=\"{&quot;jet_parallax_layout_list&quot;:[]}\">\n\t\t\t\t\t<div class=\"e-con-inner\">\n\t\t\t\t<div class=\"elementor-element elementor-element-643d997 elementor-widget elementor-widget-text-editor\" data-id=\"643d997\" data-element_type=\"widget\" data-widget_type=\"text-editor.default\">\n\t\t\t\t<div class=\"elementor-widget-container\">\n\t\t\t<style>\/*! elementor - v3.23.0 - 05-08-2024 *\/\n.elementor-widget-text-editor.elementor-drop-cap-view-stacked .elementor-drop-cap{background-color:#69727d;color:#fff}.elementor-widget-text-editor.elementor-drop-cap-view-framed .elementor-drop-cap{color:#69727d;border:3px solid;background-color:transparent}.elementor-widget-text-editor:not(.elementor-drop-cap-view-default) .elementor-drop-cap{margin-top:8px}.elementor-widget-text-editor:not(.elementor-drop-cap-view-default) .elementor-drop-cap-letter{width:1em;height:1em}.elementor-widget-text-editor .elementor-drop-cap{float:left;text-align:center;line-height:1;font-size:50px}.elementor-widget-text-editor .elementor-drop-cap-letter{display:inline-block}<\/style>\t\t\t\t<p><strong>Kit without delivery: <\/strong>We cordially invite you to visit our store, get advice from our experts and order your desired product. You can collect it yourself at an agreed time.<\/p>\n<p><strong> <\/strong><strong>Kit with delivery: <\/strong>For customers who opt for our kit with delivery, we offer delivery of your order. Within 100 kilometers, the delivery fee is 50 euros. A kilometer charge of 1 euro applies for longer distances. We deliver and place your goods right up to the kerbside.<\/p>\n<p><strong>Kit with delivery &amp; assembly:<\/strong> We offer a convenient solution for customers who opt for our kit with delivery and assembly. In this case, there are no delivery costs. The ordering process is largely the same as described above, whereby we deliver your goods and take care of the installation for you at the same time<strong>.<\/strong><\/p>\n\t\t\t\t\t\t<\/div>\n\t\t\t\t<\/div>\n\t\t\t\t\t<\/div>\n\t\t\t\t<\/div>\n\t\t<div class=\"elementor-element elementor-element-2fc6320 e-flex e-con-boxed e-con e-parent\" data-id=\"2fc6320\" data-element_type=\"container\" data-settings=\"{&quot;jet_parallax_layout_list&quot;:[]}\">\n\t\t\t\t\t<div class=\"e-con-inner\">\n\t\t\t\t\t<\/div>\n\t\t\t\t<\/div>\n\t\t\t\t<\/div>\n\t\t","protected":false},"excerpt":{"rendered":"<p>Kit without delivery: We cordially invite you to visit our store, get advice from our experts and order your desired product. You can collect it yourself at an agreed time. Kit with delivery: For customers who opt for our kit with delivery, we offer delivery of your order. Within 100 kilometers, the delivery fee is [&hellip;]<\/p>\n","protected":false},"author":13,"featured_media":0,"parent":0,"menu_order":20,"comment_status":"closed","ping_status":"closed","template":"","meta":{"_acf_changed":false,"site-sidebar-layout":"no-sidebar","site-content-layout":"","ast-site-content-layout":"full-width-container","site-content-style":"default","site-sidebar-style":"default","ast-global-header-display":"","ast-banner-title-visibility":"","ast-main-header-display":"","ast-hfb-above-header-display":"","ast-hfb-below-header-display":"","ast-hfb-mobile-header-display":"","site-post-title":"disabled","ast-breadcrumbs-content":"","ast-featured-img":"disabled","footer-sml-layout":"","theme-transparent-header-meta":"","adv-header-id-meta":"","stick-header-meta":"","header-above-stick-meta":"","header-main-stick-meta":"","header-below-stick-meta":"","astra-migrate-meta-layouts":"default","ast-page-background-enabled":"default","ast-page-background-meta":{"desktop":{"background-color":"var(--ast-global-color-4)","background-image":"","background-repeat":"repeat","background-position":"center center","background-size":"auto","background-attachment":"scroll","background-type":"","background-media":"","overlay-type":"","overlay-color":"","overlay-gradient":""},"tablet":{"background-color":"","background-image":"","background-repeat":"repeat","background-position":"center center","background-size":"auto","background-attachment":"scroll","background-type":"","background-media":"","overlay-type":"","overlay-color":"","overlay-gradient":""},"mobile":{"background-color":"","background-image":"","background-repeat":"repeat","background-position":"center center","background-size":"auto","background-attachment":"scroll","background-type":"","background-media":"","overlay-type":"","overlay-color":"","overlay-gradient":""}},"ast-content-background-meta":{"desktop":{"background-color":"var(--ast-global-color-5)","background-image":"","background-repeat":"repeat","background-position":"center center","background-size":"auto","background-attachment":"scroll","background-type":"","background-media":"","overlay-type":"","overlay-color":"","overlay-gradient":""},"tablet":{"background-color":"var(--ast-global-color-5)","background-image":"","background-repeat":"repeat","background-position":"center center","background-size":"auto","background-attachment":"scroll","background-type":"","background-media":"","overlay-type":"","overlay-color":"","overlay-gradient":""},"mobile":{"background-color":"var(--ast-global-color-5)","background-image":"","background-repeat":"repeat","background-position":"center center","background-size":"auto","background-attachment":"scroll","background-type":"","background-media":"","overlay-type":"","overlay-color":"","overlay-gradient":""}},"footnotes":""},"class_list":["post-58475","page","type-page","status-publish","hentry"],"acf":[],"yoast_head":"<!-- This site is optimized with the Yoast SEO plugin v21.9.1 - https:\/\/yoast.com\/wordpress\/plugins\/seo\/ -->\n<title>Conditions of purchase - KD \u00dcberdachung GmbH<\/title>\n<meta name=\"description\" content=\"Terrassen\u00fcberdachungen. Carports. Markisen. Vord\u00e4cher. Balkon\u00fcberdachungen. Kalt-Wintergarten \u2013 Sicherheit &amp; Qualit\u00e4t: Exakt auf Sie zugeschnitten!\" \/>\n<meta name=\"robots\" content=\"index, follow, max-snippet:-1, max-image-preview:large, max-video-preview:-1\" \/>\n<link rel=\"canonical\" href=\"https:\/\/kd-ueberdachung.de\/en\/conditions-of-purchase\/\" \/>\n<meta property=\"og:locale\" content=\"en_US\" \/>\n<meta property=\"og:type\" content=\"article\" \/>\n<meta property=\"og:title\" content=\"Conditions of purchase - KD \u00dcberdachung GmbH\" \/>\n<meta property=\"og:description\" content=\"Terrassen\u00fcberdachungen. Carports. Markisen. Vord\u00e4cher. Balkon\u00fcberdachungen. Kalt-Wintergarten \u2013 Sicherheit &amp; Qualit\u00e4t: Exakt auf Sie zugeschnitten!\" \/>\n<meta property=\"og:url\" content=\"https:\/\/kd-ueberdachung.de\/en\/conditions-of-purchase\/\" \/>\n<meta property=\"og:site_name\" content=\"KD \u00dcberdachung GmbH\" \/>\n<meta property=\"article:modified_time\" content=\"2024-08-11T12:47:29+00:00\" \/>\n<meta name=\"twitter:card\" content=\"summary_large_image\" \/>\n<meta name=\"twitter:label1\" content=\"Est. reading time\" \/>\n\t<meta name=\"twitter:data1\" content=\"1 minute\" \/>\n<script type=\"application\/ld+json\" class=\"yoast-schema-graph\">{\"@context\":\"https:\/\/schema.org\",\"@graph\":[{\"@type\":\"WebPage\",\"@id\":\"https:\/\/kd-ueberdachung.de\/en\/conditions-of-purchase\/\",\"url\":\"https:\/\/kd-ueberdachung.de\/en\/conditions-of-purchase\/\",\"name\":\"Conditions of purchase - KD \u00dcberdachung GmbH\",\"isPartOf\":{\"@id\":\"https:\/\/kd-ueberdachung.de\/en\/#website\"},\"datePublished\":\"2023-10-25T12:14:23+00:00\",\"dateModified\":\"2024-08-11T12:47:29+00:00\",\"description\":\"Terrassen\u00fcberdachungen. Carports. Markisen. Vord\u00e4cher. Balkon\u00fcberdachungen. Kalt-Wintergarten \u2013 Sicherheit & Qualit\u00e4t: Exakt auf Sie zugeschnitten!\",\"breadcrumb\":{\"@id\":\"https:\/\/kd-ueberdachung.de\/en\/conditions-of-purchase\/#breadcrumb\"},\"inLanguage\":\"en-US\",\"potentialAction\":[{\"@type\":\"ReadAction\",\"target\":[\"https:\/\/kd-ueberdachung.de\/en\/conditions-of-purchase\/\"]}]},{\"@type\":\"BreadcrumbList\",\"@id\":\"https:\/\/kd-ueberdachung.de\/en\/conditions-of-purchase\/#breadcrumb\",\"itemListElement\":[{\"@type\":\"ListItem\",\"position\":1,\"name\":\"Startseite\",\"item\":\"https:\/\/kd-ueberdachung.de\/en\/\"},{\"@type\":\"ListItem\",\"position\":2,\"name\":\"Conditions of purchase\"}]},{\"@type\":\"WebSite\",\"@id\":\"https:\/\/kd-ueberdachung.de\/en\/#website\",\"url\":\"https:\/\/kd-ueberdachung.de\/en\/\",\"name\":\"KD \u00dcberdachung GmbH\",\"description\":\"Ein Dach f\u00fcr Ihr Zuhause \u2013 Wir fertigen \u00dcberdachungen, Beschattungen, Carports und Markisen\",\"publisher\":{\"@id\":\"https:\/\/kd-ueberdachung.de\/en\/#organization\"},\"potentialAction\":[{\"@type\":\"SearchAction\",\"target\":{\"@type\":\"EntryPoint\",\"urlTemplate\":\"https:\/\/kd-ueberdachung.de\/en\/?s={search_term_string}\"},\"query-input\":\"required name=search_term_string\"}],\"inLanguage\":\"en-US\"},{\"@type\":\"Organization\",\"@id\":\"https:\/\/kd-ueberdachung.de\/en\/#organization\",\"name\":\"KD \u00dcberdachung GmbH\",\"url\":\"https:\/\/kd-ueberdachung.de\/en\/\",\"logo\":{\"@type\":\"ImageObject\",\"inLanguage\":\"en-US\",\"@id\":\"https:\/\/kd-ueberdachung.de\/en\/#\/schema\/logo\/image\/\",\"url\":\"https:\/\/kd-ueberdachung.de\/wp-content\/uploads\/_media\/_allgemein\/logo-footer.png\",\"contentUrl\":\"https:\/\/kd-ueberdachung.de\/wp-content\/uploads\/_media\/_allgemein\/logo-footer.png\",\"width\":300,\"height\":220,\"caption\":\"KD \u00dcberdachung GmbH\"},\"image\":{\"@id\":\"https:\/\/kd-ueberdachung.de\/en\/#\/schema\/logo\/image\/\"}}]}<\/script>\n<!-- \/ Yoast SEO plugin. -->","yoast_head_json":{"title":"Conditions of purchase - KD \u00dcberdachung GmbH","description":"Terrassen\u00fcberdachungen. Carports. Markisen. Vord\u00e4cher. Balkon\u00fcberdachungen. Kalt-Wintergarten \u2013 Sicherheit & Qualit\u00e4t: Exakt auf Sie zugeschnitten!","robots":{"index":"index","follow":"follow","max-snippet":"max-snippet:-1","max-image-preview":"max-image-preview:large","max-video-preview":"max-video-preview:-1"},"canonical":"https:\/\/kd-ueberdachung.de\/en\/conditions-of-purchase\/","og_locale":"en_US","og_type":"article","og_title":"Conditions of purchase - KD \u00dcberdachung GmbH","og_description":"Terrassen\u00fcberdachungen. Carports. Markisen. Vord\u00e4cher. Balkon\u00fcberdachungen. Kalt-Wintergarten \u2013 Sicherheit & Qualit\u00e4t: Exakt auf Sie zugeschnitten!","og_url":"https:\/\/kd-ueberdachung.de\/en\/conditions-of-purchase\/","og_site_name":"KD \u00dcberdachung GmbH","article_modified_time":"2024-08-11T12:47:29+00:00","twitter_card":"summary_large_image","twitter_misc":{"Est. reading time":"1 minute"},"schema":{"@context":"https:\/\/schema.org","@graph":[{"@type":"WebPage","@id":"https:\/\/kd-ueberdachung.de\/en\/conditions-of-purchase\/","url":"https:\/\/kd-ueberdachung.de\/en\/conditions-of-purchase\/","name":"Conditions of purchase - KD \u00dcberdachung GmbH","isPartOf":{"@id":"https:\/\/kd-ueberdachung.de\/en\/#website"},"datePublished":"2023-10-25T12:14:23+00:00","dateModified":"2024-08-11T12:47:29+00:00","description":"Terrassen\u00fcberdachungen. Carports. Markisen. Vord\u00e4cher. Balkon\u00fcberdachungen. Kalt-Wintergarten \u2013 Sicherheit & Qualit\u00e4t: Exakt auf Sie zugeschnitten!","breadcrumb":{"@id":"https:\/\/kd-ueberdachung.de\/en\/conditions-of-purchase\/#breadcrumb"},"inLanguage":"en-US","potentialAction":[{"@type":"ReadAction","target":["https:\/\/kd-ueberdachung.de\/en\/conditions-of-purchase\/"]}]},{"@type":"BreadcrumbList","@id":"https:\/\/kd-ueberdachung.de\/en\/conditions-of-purchase\/#breadcrumb","itemListElement":[{"@type":"ListItem","position":1,"name":"Startseite","item":"https:\/\/kd-ueberdachung.de\/en\/"},{"@type":"ListItem","position":2,"name":"Conditions of purchase"}]},{"@type":"WebSite","@id":"https:\/\/kd-ueberdachung.de\/en\/#website","url":"https:\/\/kd-ueberdachung.de\/en\/","name":"KD \u00dcberdachung GmbH","description":"Ein Dach f\u00fcr Ihr Zuhause \u2013 Wir fertigen \u00dcberdachungen, Beschattungen, Carports und Markisen","publisher":{"@id":"https:\/\/kd-ueberdachung.de\/en\/#organization"},"potentialAction":[{"@type":"SearchAction","target":{"@type":"EntryPoint","urlTemplate":"https:\/\/kd-ueberdachung.de\/en\/?s={search_term_string}"},"query-input":"required name=search_term_string"}],"inLanguage":"en-US"},{"@type":"Organization","@id":"https:\/\/kd-ueberdachung.de\/en\/#organization","name":"KD \u00dcberdachung GmbH","url":"https:\/\/kd-ueberdachung.de\/en\/","logo":{"@type":"ImageObject","inLanguage":"en-US","@id":"https:\/\/kd-ueberdachung.de\/en\/#\/schema\/logo\/image\/","url":"https:\/\/kd-ueberdachung.de\/wp-content\/uploads\/_media\/_allgemein\/logo-footer.png","contentUrl":"https:\/\/kd-ueberdachung.de\/wp-content\/uploads\/_media\/_allgemein\/logo-footer.png","width":300,"height":220,"caption":"KD \u00dcberdachung GmbH"},"image":{"@id":"https:\/\/kd-ueberdachung.de\/en\/#\/schema\/logo\/image\/"}}]}},"publishpress_future_workflow_manual_trigger":{"enabledWorkflows":[]},"_links":{"self":[{"href":"https:\/\/kd-ueberdachung.de\/en\/wp-json\/wp\/v2\/pages\/58475","targetHints":{"allow":["GET"]}}],"collection":[{"href":"https:\/\/kd-ueberdachung.de\/en\/wp-json\/wp\/v2\/pages"}],"about":[{"href":"https:\/\/kd-ueberdachung.de\/en\/wp-json\/wp\/v2\/types\/page"}],"author":[{"embeddable":true,"href":"https:\/\/kd-ueberdachung.de\/en\/wp-json\/wp\/v2\/users\/13"}],"replies":[{"embeddable":true,"href":"https:\/\/kd-ueberdachung.de\/en\/wp-json\/wp\/v2\/comments?post=58475"}],"version-history":[{"count":0,"href":"https:\/\/kd-ueberdachung.de\/en\/wp-json\/wp\/v2\/pages\/58475\/revisions"}],"wp:attachment":[{"href":"https:\/\/kd-ueberdachung.de\/en\/wp-json\/wp\/v2\/media?parent=58475"}],"curies":[{"name":"wp","href":"https:\/\/api.w.org\/{rel}","templated":true}]}}