{"id":67544,"date":"2024-11-28T16:04:24","date_gmt":"2024-11-28T15:04:24","guid":{"rendered":"https:\/\/kd-ueberdachung.de\/configurator-thank-you-page-copy\/"},"modified":"2024-12-09T14:53:20","modified_gmt":"2024-12-09T13:53:20","slug":"configurator-thank-you-page-copy","status":"publish","type":"page","link":"https:\/\/kd-ueberdachung.de\/en\/configurator-thank-you-page-copy\/","title":{"rendered":"Offer request thank you page"},"content":{"rendered":"\t\t<div data-elementor-type=\"wp-page\" data-elementor-id=\"67544\" class=\"elementor elementor-67544 elementor-67543\" data-elementor-post-type=\"page\">\n\t\t\t\t<div class=\"elementor-element elementor-element-fc68cde e-flex e-con-boxed e-con e-parent\" data-id=\"fc68cde\" data-element_type=\"container\" data-settings=\"{&quot;jet_parallax_layout_list&quot;:[]}\">\n\t\t\t\t\t<div class=\"e-con-inner\">\n\t\t<div class=\"elementor-element elementor-element-9d778de e-flex e-con-boxed e-con e-child\" data-id=\"9d778de\" data-element_type=\"container\" data-settings=\"{&quot;jet_parallax_layout_list&quot;:[]}\">\n\t\t\t\t\t<div class=\"e-con-inner\">\n\t\t\t\t<div class=\"elementor-element elementor-element-7febf04 elementor-widget elementor-widget-heading\" data-id=\"7febf04\" data-element_type=\"widget\" data-widget_type=\"heading.default\">\n\t\t\t\t<div class=\"elementor-widget-container\">\n\t\t\t<style>\/*! elementor - v3.23.0 - 05-08-2024 *\/\n.elementor-heading-title{padding:0;margin:0;line-height:1}.elementor-widget-heading .elementor-heading-title[class*=elementor-size-]>a{color:inherit;font-size:inherit;line-height:inherit}.elementor-widget-heading .elementor-heading-title.elementor-size-small{font-size:15px}.elementor-widget-heading .elementor-heading-title.elementor-size-medium{font-size:19px}.elementor-widget-heading .elementor-heading-title.elementor-size-large{font-size:29px}.elementor-widget-heading .elementor-heading-title.elementor-size-xl{font-size:39px}.elementor-widget-heading .elementor-heading-title.elementor-size-xxl{font-size:59px}<\/style><h2 class=\"elementor-heading-title elementor-size-default\">Thank you for your inquiry<\/h2>\t\t<\/div>\n\t\t\t\t<\/div>\n\t\t\t\t<div class=\"elementor-element elementor-element-1a5a7a5 elementor-widget elementor-widget-text-editor\" data-id=\"1a5a7a5\" data-element_type=\"widget\" data-widget_type=\"text-editor.default\">\n\t\t\t\t<div class=\"elementor-widget-container\">\n\t\t\t<style>\/*! elementor - v3.23.0 - 05-08-2024 *\/\n.elementor-widget-text-editor.elementor-drop-cap-view-stacked .elementor-drop-cap{background-color:#69727d;color:#fff}.elementor-widget-text-editor.elementor-drop-cap-view-framed .elementor-drop-cap{color:#69727d;border:3px solid;background-color:transparent}.elementor-widget-text-editor:not(.elementor-drop-cap-view-default) .elementor-drop-cap{margin-top:8px}.elementor-widget-text-editor:not(.elementor-drop-cap-view-default) .elementor-drop-cap-letter{width:1em;height:1em}.elementor-widget-text-editor .elementor-drop-cap{float:left;text-align:center;line-height:1;font-size:50px}.elementor-widget-text-editor .elementor-drop-cap-letter{display:inline-block}<\/style>\t\t\t\t<p>Thank you for your inquiry. We will get in touch with you as soon as possible. You will be automatically redirected to the homepage.<\/p>\n\t\t\t\t\t\t<\/div>\n\t\t\t\t<\/div>\n\t\t<div class=\"elementor-element elementor-element-23c18fb e-flex e-con-boxed e-con e-child\" data-id=\"23c18fb\" data-element_type=\"container\" data-settings=\"{&quot;jet_parallax_layout_list&quot;:[]}\">\n\t\t\t\t\t<div class=\"e-con-inner\">\n\t\t\t\t<div class=\"elementor-element elementor-element-08b794f elementor-widget elementor-widget-button\" data-id=\"08b794f\" data-element_type=\"widget\" data-widget_type=\"button.default\">\n\t\t\t\t<div class=\"elementor-widget-container\">\n\t\t\t\t\t<div class=\"elementor-button-wrapper\">\n\t\t\t<a class=\"elementor-button elementor-button-link elementor-size-sm\" href=\"https:\/\/kd-ueberdachung.de\/en\/\">\n\t\t\t\t\t\t<span class=\"elementor-button-content-wrapper\">\n\t\t\t\t\t\t\t\t\t<span class=\"elementor-button-text\">Home page<\/span>\n\t\t\t\t\t<\/span>\n\t\t\t\t\t<\/a>\n\t\t<\/div>\n\t\t\t\t<\/div>\n\t\t\t\t<\/div>\n\t\t\t\t<div class=\"elementor-element elementor-element-836a549 elementor-widget elementor-widget-button\" data-id=\"836a549\" data-element_type=\"widget\" data-widget_type=\"button.default\">\n\t\t\t\t<div class=\"elementor-widget-container\">\n\t\t\t\t\t<div class=\"elementor-button-wrapper\">\n\t\t\t<a class=\"elementor-button elementor-button-link elementor-size-sm\" href=\"https:\/\/kd-ueberdachung.de\/produktubersicht\/\">\n\t\t\t\t\t\t<span class=\"elementor-button-content-wrapper\">\n\t\t\t\t\t\t\t\t\t<span class=\"elementor-button-text\">Our products<\/span>\n\t\t\t\t\t<\/span>\n\t\t\t\t\t<\/a>\n\t\t<\/div>\n\t\t\t\t<\/div>\n\t\t\t\t<\/div>\n\t\t\t\t\t<\/div>\n\t\t\t\t<\/div>\n\t\t\t\t\t<\/div>\n\t\t\t\t<\/div>\n\t\t\t\t\t<\/div>\n\t\t\t\t<\/div>\n\t\t\t\t<\/div>\n\t\t","protected":false},"excerpt":{"rendered":"<p>Thank you for your inquiry Thank you for your inquiry. We will get in touch with you as soon as possible. You will be automatically redirected to the homepage. Home page Our products<\/p>\n","protected":false},"author":13,"featured_media":0,"parent":0,"menu_order":0,"comment_status":"closed","ping_status":"closed","template":"","meta":{"_acf_changed":false,"site-sidebar-layout":"no-sidebar","site-content-layout":"","ast-site-content-layout":"full-width-container","site-content-style":"default","site-sidebar-style":"default","ast-global-header-display":"","ast-banner-title-visibility":"","ast-main-header-display":"","ast-hfb-above-header-display":"","ast-hfb-below-header-display":"","ast-hfb-mobile-header-display":"","site-post-title":"disabled","ast-breadcrumbs-content":"","ast-featured-img":"disabled","footer-sml-layout":"","theme-transparent-header-meta":"","adv-header-id-meta":"","stick-header-meta":"","header-above-stick-meta":"","header-main-stick-meta":"","header-below-stick-meta":"","astra-migrate-meta-layouts":"default","ast-page-background-enabled":"default","ast-page-background-meta":{"desktop":{"background-color":"var(--ast-global-color-4)","background-image":"","background-repeat":"repeat","background-position":"center center","background-size":"auto","background-attachment":"scroll","background-type":"","background-media":"","overlay-type":"","overlay-color":"","overlay-gradient":""},"tablet":{"background-color":"","background-image":"","background-repeat":"repeat","background-position":"center center","background-size":"auto","background-attachment":"scroll","background-type":"","background-media":"","overlay-type":"","overlay-color":"","overlay-gradient":""},"mobile":{"background-color":"","background-image":"","background-repeat":"repeat","background-position":"center center","background-size":"auto","background-attachment":"scroll","background-type":"","background-media":"","overlay-type":"","overlay-color":"","overlay-gradient":""}},"ast-content-background-meta":{"desktop":{"background-color":"var(--ast-global-color-5)","background-image":"","background-repeat":"repeat","background-position":"center center","background-size":"auto","background-attachment":"scroll","background-type":"","background-media":"","overlay-type":"","overlay-color":"","overlay-gradient":""},"tablet":{"background-color":"var(--ast-global-color-5)","background-image":"","background-repeat":"repeat","background-position":"center center","background-size":"auto","background-attachment":"scroll","background-type":"","background-media":"","overlay-type":"","overlay-color":"","overlay-gradient":""},"mobile":{"background-color":"var(--ast-global-color-5)","background-image":"","background-repeat":"repeat","background-position":"center center","background-size":"auto","background-attachment":"scroll","background-type":"","background-media":"","overlay-type":"","overlay-color":"","overlay-gradient":""}},"footnotes":""},"class_list":["post-67544","page","type-page","status-publish","hentry"],"acf":[],"yoast_head":"<!-- This site is optimized with the Yoast SEO plugin v21.9.1 - https:\/\/yoast.com\/wordpress\/plugins\/seo\/ -->\n<title>Offer request thank you page - KD \u00dcberdachung GmbH<\/title>\n<meta name=\"description\" content=\"Terrassen\u00fcberdachungen. Carports. Markisen. Vord\u00e4cher. Balkon\u00fcberdachungen. Kalt-Wintergarten \u2013 Sicherheit &amp; Qualit\u00e4t: Exakt auf Sie zugeschnitten!\" \/>\n<meta name=\"robots\" content=\"index, follow, max-snippet:-1, max-image-preview:large, max-video-preview:-1\" \/>\n<link rel=\"canonical\" href=\"https:\/\/kd-ueberdachung.de\/en\/configurator-thank-you-page-copy\/\" \/>\n<meta property=\"og:locale\" content=\"en_US\" \/>\n<meta property=\"og:type\" content=\"article\" \/>\n<meta property=\"og:title\" content=\"Offer request thank you page - KD \u00dcberdachung GmbH\" \/>\n<meta property=\"og:description\" content=\"Terrassen\u00fcberdachungen. Carports. Markisen. Vord\u00e4cher. Balkon\u00fcberdachungen. Kalt-Wintergarten \u2013 Sicherheit &amp; Qualit\u00e4t: Exakt auf Sie zugeschnitten!\" \/>\n<meta property=\"og:url\" content=\"https:\/\/kd-ueberdachung.de\/en\/configurator-thank-you-page-copy\/\" \/>\n<meta property=\"og:site_name\" content=\"KD \u00dcberdachung GmbH\" \/>\n<meta property=\"article:modified_time\" content=\"2024-12-09T13:53:20+00:00\" \/>\n<meta name=\"twitter:card\" content=\"summary_large_image\" \/>\n<script type=\"application\/ld+json\" class=\"yoast-schema-graph\">{\"@context\":\"https:\/\/schema.org\",\"@graph\":[{\"@type\":\"WebPage\",\"@id\":\"https:\/\/kd-ueberdachung.de\/en\/configurator-thank-you-page-copy\/\",\"url\":\"https:\/\/kd-ueberdachung.de\/en\/configurator-thank-you-page-copy\/\",\"name\":\"Offer request thank you page - KD \u00dcberdachung GmbH\",\"isPartOf\":{\"@id\":\"https:\/\/kd-ueberdachung.de\/en\/#website\"},\"datePublished\":\"2024-11-28T15:04:24+00:00\",\"dateModified\":\"2024-12-09T13:53:20+00:00\",\"description\":\"Terrassen\u00fcberdachungen. Carports. Markisen. Vord\u00e4cher. Balkon\u00fcberdachungen. Kalt-Wintergarten \u2013 Sicherheit & Qualit\u00e4t: Exakt auf Sie zugeschnitten!\",\"breadcrumb\":{\"@id\":\"https:\/\/kd-ueberdachung.de\/en\/configurator-thank-you-page-copy\/#breadcrumb\"},\"inLanguage\":\"en-US\",\"potentialAction\":[{\"@type\":\"ReadAction\",\"target\":[\"https:\/\/kd-ueberdachung.de\/en\/configurator-thank-you-page-copy\/\"]}]},{\"@type\":\"BreadcrumbList\",\"@id\":\"https:\/\/kd-ueberdachung.de\/en\/configurator-thank-you-page-copy\/#breadcrumb\",\"itemListElement\":[{\"@type\":\"ListItem\",\"position\":1,\"name\":\"Startseite\",\"item\":\"https:\/\/kd-ueberdachung.de\/en\/\"},{\"@type\":\"ListItem\",\"position\":2,\"name\":\"Offer request thank you page\"}]},{\"@type\":\"WebSite\",\"@id\":\"https:\/\/kd-ueberdachung.de\/en\/#website\",\"url\":\"https:\/\/kd-ueberdachung.de\/en\/\",\"name\":\"KD \u00dcberdachung GmbH\",\"description\":\"Ein Dach f\u00fcr Ihr Zuhause \u2013 Wir fertigen \u00dcberdachungen, Beschattungen, Carports und Markisen\",\"publisher\":{\"@id\":\"https:\/\/kd-ueberdachung.de\/en\/#organization\"},\"potentialAction\":[{\"@type\":\"SearchAction\",\"target\":{\"@type\":\"EntryPoint\",\"urlTemplate\":\"https:\/\/kd-ueberdachung.de\/en\/?s={search_term_string}\"},\"query-input\":\"required name=search_term_string\"}],\"inLanguage\":\"en-US\"},{\"@type\":\"Organization\",\"@id\":\"https:\/\/kd-ueberdachung.de\/en\/#organization\",\"name\":\"KD \u00dcberdachung GmbH\",\"url\":\"https:\/\/kd-ueberdachung.de\/en\/\",\"logo\":{\"@type\":\"ImageObject\",\"inLanguage\":\"en-US\",\"@id\":\"https:\/\/kd-ueberdachung.de\/en\/#\/schema\/logo\/image\/\",\"url\":\"https:\/\/kd-ueberdachung.de\/wp-content\/uploads\/_media\/_allgemein\/logo-footer.png\",\"contentUrl\":\"https:\/\/kd-ueberdachung.de\/wp-content\/uploads\/_media\/_allgemein\/logo-footer.png\",\"width\":300,\"height\":220,\"caption\":\"KD \u00dcberdachung GmbH\"},\"image\":{\"@id\":\"https:\/\/kd-ueberdachung.de\/en\/#\/schema\/logo\/image\/\"}}]}<\/script>\n<!-- \/ Yoast SEO plugin. -->","yoast_head_json":{"title":"Offer request thank you page - KD \u00dcberdachung GmbH","description":"Terrassen\u00fcberdachungen. Carports. Markisen. Vord\u00e4cher. Balkon\u00fcberdachungen. Kalt-Wintergarten \u2013 Sicherheit & Qualit\u00e4t: Exakt auf Sie zugeschnitten!","robots":{"index":"index","follow":"follow","max-snippet":"max-snippet:-1","max-image-preview":"max-image-preview:large","max-video-preview":"max-video-preview:-1"},"canonical":"https:\/\/kd-ueberdachung.de\/en\/configurator-thank-you-page-copy\/","og_locale":"en_US","og_type":"article","og_title":"Offer request thank you page - KD \u00dcberdachung GmbH","og_description":"Terrassen\u00fcberdachungen. Carports. Markisen. Vord\u00e4cher. Balkon\u00fcberdachungen. Kalt-Wintergarten \u2013 Sicherheit & Qualit\u00e4t: Exakt auf Sie zugeschnitten!","og_url":"https:\/\/kd-ueberdachung.de\/en\/configurator-thank-you-page-copy\/","og_site_name":"KD \u00dcberdachung GmbH","article_modified_time":"2024-12-09T13:53:20+00:00","twitter_card":"summary_large_image","schema":{"@context":"https:\/\/schema.org","@graph":[{"@type":"WebPage","@id":"https:\/\/kd-ueberdachung.de\/en\/configurator-thank-you-page-copy\/","url":"https:\/\/kd-ueberdachung.de\/en\/configurator-thank-you-page-copy\/","name":"Offer request thank you page - KD \u00dcberdachung GmbH","isPartOf":{"@id":"https:\/\/kd-ueberdachung.de\/en\/#website"},"datePublished":"2024-11-28T15:04:24+00:00","dateModified":"2024-12-09T13:53:20+00:00","description":"Terrassen\u00fcberdachungen. Carports. Markisen. Vord\u00e4cher. Balkon\u00fcberdachungen. Kalt-Wintergarten \u2013 Sicherheit & Qualit\u00e4t: Exakt auf Sie zugeschnitten!","breadcrumb":{"@id":"https:\/\/kd-ueberdachung.de\/en\/configurator-thank-you-page-copy\/#breadcrumb"},"inLanguage":"en-US","potentialAction":[{"@type":"ReadAction","target":["https:\/\/kd-ueberdachung.de\/en\/configurator-thank-you-page-copy\/"]}]},{"@type":"BreadcrumbList","@id":"https:\/\/kd-ueberdachung.de\/en\/configurator-thank-you-page-copy\/#breadcrumb","itemListElement":[{"@type":"ListItem","position":1,"name":"Startseite","item":"https:\/\/kd-ueberdachung.de\/en\/"},{"@type":"ListItem","position":2,"name":"Offer request thank you page"}]},{"@type":"WebSite","@id":"https:\/\/kd-ueberdachung.de\/en\/#website","url":"https:\/\/kd-ueberdachung.de\/en\/","name":"KD \u00dcberdachung GmbH","description":"Ein Dach f\u00fcr Ihr Zuhause \u2013 Wir fertigen \u00dcberdachungen, Beschattungen, Carports und Markisen","publisher":{"@id":"https:\/\/kd-ueberdachung.de\/en\/#organization"},"potentialAction":[{"@type":"SearchAction","target":{"@type":"EntryPoint","urlTemplate":"https:\/\/kd-ueberdachung.de\/en\/?s={search_term_string}"},"query-input":"required name=search_term_string"}],"inLanguage":"en-US"},{"@type":"Organization","@id":"https:\/\/kd-ueberdachung.de\/en\/#organization","name":"KD \u00dcberdachung GmbH","url":"https:\/\/kd-ueberdachung.de\/en\/","logo":{"@type":"ImageObject","inLanguage":"en-US","@id":"https:\/\/kd-ueberdachung.de\/en\/#\/schema\/logo\/image\/","url":"https:\/\/kd-ueberdachung.de\/wp-content\/uploads\/_media\/_allgemein\/logo-footer.png","contentUrl":"https:\/\/kd-ueberdachung.de\/wp-content\/uploads\/_media\/_allgemein\/logo-footer.png","width":300,"height":220,"caption":"KD \u00dcberdachung GmbH"},"image":{"@id":"https:\/\/kd-ueberdachung.de\/en\/#\/schema\/logo\/image\/"}}]}},"publishpress_future_workflow_manual_trigger":{"enabledWorkflows":[]},"_links":{"self":[{"href":"https:\/\/kd-ueberdachung.de\/en\/wp-json\/wp\/v2\/pages\/67544","targetHints":{"allow":["GET"]}}],"collection":[{"href":"https:\/\/kd-ueberdachung.de\/en\/wp-json\/wp\/v2\/pages"}],"about":[{"href":"https:\/\/kd-ueberdachung.de\/en\/wp-json\/wp\/v2\/types\/page"}],"author":[{"embeddable":true,"href":"https:\/\/kd-ueberdachung.de\/en\/wp-json\/wp\/v2\/users\/13"}],"replies":[{"embeddable":true,"href":"https:\/\/kd-ueberdachung.de\/en\/wp-json\/wp\/v2\/comments?post=67544"}],"version-history":[{"count":0,"href":"https:\/\/kd-ueberdachung.de\/en\/wp-json\/wp\/v2\/pages\/67544\/revisions"}],"wp:attachment":[{"href":"https:\/\/kd-ueberdachung.de\/en\/wp-json\/wp\/v2\/media?parent=67544"}],"curies":[{"name":"wp","href":"https:\/\/api.w.org\/{rel}","templated":true}]}}